{"id":1465,"date":"2013-05-17T10:04:57","date_gmt":"2013-05-17T07:04:57","guid":{"rendered":"http:\/\/www.radiofiskars.fi\/?page_id=1465"},"modified":"2025-12-15T13:10:14","modified_gmt":"2025-12-15T11:10:14","slug":"taman-mina-luin","status":"publish","type":"page","link":"https:\/\/www.radiofiskars.fi\/wordpress\/taman-mina-luin\/","title":{"rendered":"T\u00c4M\u00c4N MIN\u00c4 LUIN \u2013 KIRJAESITTELYT"},"content":{"rendered":"<h1 style=\"text-align: center;\"><img decoding=\"async\" class=\"details-image\" draggable=\"false\" src=\"https:\/\/www.radiofiskars.fi\/wordpress\/wp-content\/uploads\/2021\/03\/T\u00e4m\u00e4n-min\u00e4-luin_juliste4-pdf-1024x724.jpg\" alt=\"\" \/><strong>\u00a0<br \/><\/strong><\/h1>\n<p><strong>VIIMEKSI ILMESTYNEET KIRJAESITTELYT:<\/strong><\/p>\n<p>75. Karen M. McManus: Yksi meist\u00e4 on seuraava, WSOY, 2020 <a href=\"https:\/\/www.radiofiskars.fi\/wordpress\/2023\/06\/kirjaesittely-karen-m-mcmanus-yksi-meista-on-seuraava\/\">https:\/\/www.radiofiskars.fi\/wordpress\/2023\/06\/kirjaesittely-karen-m-mcmanus-yksi-meista-on-seuraava\/<\/a><\/p>\n<p>74. Anne Frankin p\u00e4iv\u00e4kirja, Tammi, 2017 \u00a0<a href=\"https:\/\/www.radiofiskars.fi\/wordpress\/2023\/06\/kirjaesittely-anne-frankin-paivakirja\/\">https:\/\/www.radiofiskars.fi\/wordpress\/2023\/06\/kirjaesittely-anne-frankin-paivakirja\/<\/a><\/p>\n<p>73.Rachel Ren\u00e9e Russell: Nolo el\u00e4m\u00e4ni \u2013 Olisinpa bilehile, WSOY, 2022 \u00a0<a href=\"https:\/\/www.radiofiskars.fi\/wordpress\/2023\/06\/kirjaesittely-rachel-renee-russell-nolo-elamani-olisinpa-bilehile\/\">https:\/\/www.radiofiskars.fi\/wordpress\/2023\/06\/kirjaesittely-rachel-renee-russell-nolo-elamani-olisinpa-bilehile\/<\/a><\/p>\n<p>72. Rachel Ren\u00e9e Russell: Nolo el\u00e4m\u00e4ni: Olisinpa suosittu, WSOY, 2022 \u00a0<a href=\"https:\/\/www.radiofiskars.fi\/wordpress\/2023\/06\/kirjaesittely-rachel-renee-russell-nolo-elamani-olisinpa-suosittu\/\">https:\/\/www.radiofiskars.fi\/wordpress\/2023\/06\/kirjaesittely-rachel-renee-russell-nolo-elamani-olisinpa-suosittu\/<\/a><\/p>\n<p>71. Jeff Kinney: Neropatin p\u00e4iv\u00e4kirja \u2013 Remppaa pukkaa, WSOY, 2019 <a href=\"https:\/\/www.radiofiskars.fi\/wordpress\/2023\/06\/kirjaesittely-jeff-kinney-neropatin-paivakirja-remppaa-pukkaa\/\">https:\/\/www.radiofiskars.fi\/wordpress\/2023\/06\/kirjaesittely-jeff-kinney-neropatin-paivakirja-remppaa-pukkaa\/<\/a><\/p>\n<p>70. Jeff Kinney: Neropatin p\u00e4iv\u00e4kirja \u2013 Riemuloma, WSOY, 2017 \u00a0<a href=\"https:\/\/www.radiofiskars.fi\/wordpress\/2023\/06\/kirjaesittely-jeff-kinney-neropatin-paivakirja-riemuloma\/\">https:\/\/www.radiofiskars.fi\/wordpress\/2023\/06\/kirjaesittely-jeff-kinney-neropatin-paivakirja-riemuloma\/<\/a><\/p>\n<p>69. Jeff Kinney: Neropatin p\u00e4iv\u00e4kirja. WSOY, 2009 <a href=\"https:\/\/www.radiofiskars.fi\/wordpress\/2023\/06\/kirjaesittely-jeff-kinney-neropatin-paivakirja-1\/\">https:\/\/www.radiofiskars.fi\/wordpress\/2023\/06\/kirjaesittely-jeff-kinney-neropatin-paivakirja-1\/<\/a><\/p>\n<p>68. Jeff Kinney: Neropatin p\u00e4iv\u00e4kirja \u2013 Kylm\u00e4\u00e4 kyyti\u00e4, WSOY, 2018 \u00a0<a href=\"https:\/\/www.radiofiskars.fi\/wordpress\/2023\/06\/kirjaesittely-jeff-kinney-neropatin-paivakirja-kylmaa-kyytia\/\">https:\/\/www.radiofiskars.fi\/wordpress\/2023\/06\/kirjaesittely-jeff-kinney-neropatin-paivakirja-kylmaa-kyytia\/<\/a><\/p>\n<p>67. Jeff Kinney: Neropatin p\u00e4iv\u00e4kirja \u2013 Pyh\u00e4 jys\u00e4ys, WSOY, 2022 <a href=\"https:\/\/www.radiofiskars.fi\/wordpress\/2023\/06\/kirjaesittely-jeff-kinney-neropatin-paivakirja-pyha-jysays\/\">https:\/\/www.radiofiskars.fi\/wordpress\/2023\/06\/kirjaesittely-jeff-kinney-neropatin-paivakirja-pyha-jysays\/<\/a><\/p>\n<p>66. Jeff Kinney: Neropatin p\u00e4iv\u00e4kirja \u2013 Karu totuus, WSOY, 2012 \u00a0<a href=\"https:\/\/www.radiofiskars.fi\/wordpress\/2023\/06\/kirjaesittely-jeff-kinney-neropatin-paivakirja-karu-totuus\/\">https:\/\/www.radiofiskars.fi\/wordpress\/2023\/06\/kirjaesittely-jeff-kinney-neropatin-paivakirja-karu-totuus\/<\/a><\/p>\n<p>65. Jeff Kinney: Neropatin p\u00e4iv\u00e4kirja \u2013 Kovan onnen kes\u00e4, WSOY, 2012 <a href=\"https:\/\/www.radiofiskars.fi\/wordpress\/2023\/06\/kirjaesittely-jeff-kinney-neropatin-paivakirja-kovan-onnen-kesa\/\">https:\/\/www.radiofiskars.fi\/wordpress\/2023\/06\/kirjaesittely-jeff-kinney-neropatin-paivakirja-kovan-onnen-kesa\/<\/a><\/p>\n<p>64. Troll: Mestarietsiv\u00e4 Peppunen \u2013 Mestarivaras ja mestarietsiv\u00e4 Nemo, 2020 <a href=\"https:\/\/www.radiofiskars.fi\/wordpress\/2023\/06\/kirjaesittely-mestarietsiva-peppunen-mestarivaras-ja-mestarietsiva\/\">https:\/\/www.radiofiskars.fi\/wordpress\/2023\/06\/kirjaesittely-mestarietsiva-peppunen-mestarivaras-ja-mestarietsiva\/<\/a><\/p>\n<p>63. Troll: Mestarietsiv\u00e4 Peppunen \u2013 Hyl\u00e4tyn hotellin mysteeri, Nemo 2021 <a href=\"https:\/\/www.radiofiskars.fi\/wordpress\/2023\/06\/kirjaesittely-mestarietsiva-peppunen-hylatyn-hotellin-mysteeri\/\">https:\/\/www.radiofiskars.fi\/wordpress\/2023\/06\/kirjaesittely-mestarietsiva-peppunen-hylatyn-hotellin-mysteeri\/<\/a><\/p>\n<p>62. Roni Back, Matkani somen huipulle, 2022, Otava <a href=\"https:\/\/www.radiofiskars.fi\/wordpress\/2023\/06\/kirjaesittely-roni-back-matkani-somen-huipulle\/\">https:\/\/www.radiofiskars.fi\/wordpress\/2023\/06\/kirjaesittely-roni-back-matkani-somen-huipulle\/<\/a><\/p>\n<p>61. Kalle Veirto: Ohuin ja hauskin kirja, 2020 Karisto <a href=\"https:\/\/www.radiofiskars.fi\/wordpress\/2023\/06\/kirjaesittely-kalle-veirto-ohuin-ja-hauskin-kirja\/\">https:\/\/www.radiofiskars.fi\/wordpress\/2023\/06\/kirjaesittely-kalle-veirto-ohuin-ja-hauskin-kirja\/<\/a><\/p>\n<p>60. Yuval Noah Harari: Sapiens \u2013 Ihmiskunnan synty, sarjakuva, Bazar, 2020. <a href=\"https:\/\/www.radiofiskars.fi\/wordpress\/2023\/06\/kirjaesittely-yuval-noah-harari-sapiens\/\">https:\/\/www.radiofiskars.fi\/wordpress\/2023\/06\/kirjaesittely-yuval-noah-harari-sapiens\/<\/a><\/p>\n<p>59. Louis Sachar: Paahde, Otava, 2011 <a href=\"https:\/\/www.radiofiskars.fi\/wordpress\/2023\/06\/kirjaesittely-paahde-louis-sachar\/\">https:\/\/www.radiofiskars.fi\/wordpress\/2023\/06\/kirjaesittely-paahde-louis-sachar\/<\/a><\/p>\n<p>58. Satu Heimonen: Kes\u00e4tuulten Cecilia, Kustannus-M\u00e4kel\u00e4, 2017 <a href=\"https:\/\/www.radiofiskars.fi\/wordpress\/2023\/06\/kirjaesittely-kesatuulten-cecilia\/\">https:\/\/www.radiofiskars.fi\/wordpress\/2023\/06\/kirjaesittely-kesatuulten-cecilia\/<\/a><\/p>\n<p>57. Helena Dahlgren: Star Stable. Sielunratsastajat, osa 1. <strong>T\u00e4htihevosten kutsu,<\/strong> Tammi, 2020. <a href=\"https:\/\/www.radiofiskars.fi\/wordpress\/2023\/02\/milja-tahtihevosten-kutsu\/\">https:\/\/www.radiofiskars.fi\/wordpress\/2023\/02\/milja-tahtihevosten-kutsu\/<\/a><\/p>\n<p>56. Kari Evinsalo: <strong>Etsiv\u00e4 Vertti ja varastettu veistos,<\/strong> Kustannus-M\u00e4kel\u00e4, 2013. <a href=\"https:\/\/www.radiofiskars.fi\/wordpress\/2023\/02\/verneri-etsiva-vertti-ja-varastettu-veistos\/\">https:\/\/www.radiofiskars.fi\/wordpress\/2023\/02\/verneri-etsiva-vertti-ja-varastettu-veistos\/<\/a><\/p>\n<p>55. Holly Webb: <strong>Tiikeri, uhkarohkea kissanpentu,<\/strong> Karisto, 2022. <a href=\"https:\/\/www.radiofiskars.fi\/wordpress\/2023\/02\/tiiu-ja-uhkarohkea-kissanpentu\/\">https:\/\/www.radiofiskars.fi\/wordpress\/2023\/02\/tiiu-ja-uhkarohkea-kissanpentu\/<\/a><\/p>\n<p>54. Tui T. Sutherland: <strong>Kirkkain y\u00f6<\/strong>. Gummerus, 2022. <a href=\"https:\/\/www.radiofiskars.fi\/wordpress\/2023\/02\/elmo-kirkkain-yo\/\">https:\/\/www.radiofiskars.fi\/wordpress\/2023\/02\/elmo-kirkkain-yo\/<\/a><\/p>\n<p>53. Martin Widmark: <strong>Lasse-Maijan Etsiv\u00e4t\u00f6imisto: Elokuvan arvoitus<\/strong>, Tammi, 2020. <a href=\"https:\/\/www.radiofiskars.fi\/wordpress\/2023\/01\/lyyti-ja-elokuvan-arvoitus\/\">https:\/\/www.radiofiskars.fi\/wordpress\/2023\/01\/lyyti-ja-elokuvan-arvoitus\/<\/a><\/p>\n<p>52. Hallberg, Margareta Nordqvist: <strong>Tanssitaan, SInttu!<\/strong> Tammi, 2022. <a href=\"https:\/\/www.radiofiskars.fi\/wordpress\/2023\/01\/7008\/\">https:\/\/www.radiofiskars.fi\/wordpress\/2023\/01\/7008\/ <\/a><\/p>\n<p>51. Erin Hunter: <strong>Soturikissat \u2013 Villiin luontoon,<\/strong> Art House, 2014. <a href=\"https:\/\/www.radiofiskars.fi\/wordpress\/2023\/01\/soturikissat-villiin-luontoon\/\">https:\/\/www.radiofiskars.fi\/wordpress\/2023\/01\/soturikissat-villiin-luontoon\/<\/a><\/p>\n<p>50. Holly Webb: <strong>Pelokas pikku N\u00f6p\u00f6<\/strong>, Karisto, 2018. <a href=\"https:\/\/www.radiofiskars.fi\/wordpress\/2022\/12\/tilda-pelokas-pikku-nopo\/\">https:\/\/www.radiofiskars.fi\/wordpress\/2022\/12\/tilda-pelokas-pikku-nopo\/<\/a><\/p>\n<p>49. Magnus Ljunggren, Mats V\u00e4nehem: <strong>Hirve\u00e4 Harald,<\/strong> Kustannus-M\u00e4kel\u00e4, 2020 <a href=\"https:\/\/www.radiofiskars.fi\/wordpress\/2022\/12\/occo-hirvea-harald\/\">https:\/\/www.radiofiskars.fi\/wordpress\/2022\/12\/occo-hirvea-harald\/<\/a><\/p>\n<p>48. Timo Parvela: <strong>Ella ja kaverit ihan kuninkaina,<\/strong> Tammi, 2019 <a href=\"https:\/\/www.radiofiskars.fi\/wordpress\/2022\/12\/lailaella-ja-kaverit-ihan-kuninkaina\/\">https:\/\/www.radiofiskars.fi\/wordpress\/2022\/12\/lailaella-ja-kaverit-ihan-kuninkaina\/<\/a><\/p>\n<p>47.Jeff Kinney: <strong>Neropatin p\u00e4iv\u00e4kirja<\/strong>: T\u00e4htiainesta, WSOY, 2021 <a href=\"https:\/\/www.radiofiskars.fi\/wordpress\/2022\/03\/kati-nero-patin-paivakirja-tahtiainesta\/\">https:\/\/www.radiofiskars.fi\/wordpress\/2022\/03\/kati-nero-patin-paivakirja-tahtiainesta\/<\/a><\/p>\n<p>46.Miklu: <strong>Kaikkien aikojen kirja<\/strong>, Otava, 2019 <a href=\"https:\/\/www.radiofiskars.fi\/wordpress\/2022\/03\/anton-miklu-kaikkien-aikojen-kirja\/\">https:\/\/www.radiofiskars.fi\/wordpress\/2022\/03\/anton-miklu-kaikkien-aikojen-kirja\/<\/a><\/p>\n<p>45.Rachel Ren\u00e9e Russell: <strong>Nolo el\u00e4m\u00e4ni: Olisinpa suosittu<\/strong>, 283 s. WSOY, 2020 <a href=\"https:\/\/www.radiofiskars.fi\/wordpress\/2022\/05\/ada-nolo-elamani-olisinpa-suosittu\/\">https:\/\/www.radiofiskars.fi\/wordpress\/2022\/05\/ada-nolo-elamani-olisinpa-suosittu\/<\/a><\/p>\n<p>44.Martin Widmark: <strong>Lasse-Maijan etsiv\u00e4toimisto \u2013 Sahramin arvoitus<\/strong>. Kuvitus Helena Willis, Tammi, 2017. <a href=\"https:\/\/www.radiofiskars.fi\/wordpress\/2022\/11\/vini-sahramin-arvoitus\/\">https:\/\/www.radiofiskars.fi\/wordpress\/2022\/11\/vini-sahramin-arvoitus\/<\/a><\/p>\n<p>43.Paula Harrison: <strong>Kisu ja t\u00e4htilaulu<\/strong><em>,<\/em> Aurinko Kustannus, 2022. <a href=\"https:\/\/www.radiofiskars.fi\/wordpress\/2022\/11\/heidi-kisu-ja-tahtilaulu\/\">https:\/\/www.radiofiskars.fi\/wordpress\/2022\/11\/heidi-kisu-ja-tahtilaulu\/<\/a><\/p>\n<p>42.Aaron Blabey, <strong>Hurja jengi \u2013 Kotkottajat pulassa<\/strong><em>,<\/em> Into Kustannus, 2020. <a href=\"https:\/\/www.radiofiskars.fi\/wordpress\/2022\/11\/heidi-kisu-ja-tahtilaulu\/\">https:\/\/www.radiofiskars.fi\/wordpress\/2022\/11\/eliel-hurja-jengi-kotkottajat-pulassa\/<\/a><\/p>\n<p>41.Martin Widmark: <strong>Lasse-Maijan etsiv\u00e4toimisto \u2013 Timanttien arvoitus<\/strong>. Kuvitus Helena Willis, Tammi, 2013. <a href=\"https:\/\/www.radiofiskars.fi\/wordpress\/2022\/11\/eemi-timanttien-arvoitus\/\">https:\/\/www.radiofiskars.fi\/wordpress\/2022\/11\/eemi-timanttien-arvoitus\/<\/a><\/p>\n<p>40.Magdalena Hai:<strong> Painajaispuoti \u2013 Hampaat hukassa.<\/strong> Kuvitus Teemu Juhani, WSOY, 2019. <a href=\"https:\/\/www.radiofiskars.fi\/wordpress\/2022\/11\/carolina-hampaat-hukassa\/\">https:\/\/www.radiofiskars.fi\/wordpress\/2022\/11\/carolina-hampaat-hukassa\/<\/a><\/p>\n<p>39.Jeff Kinney: <strong>Neropatin p\u00e4iv\u00e4kirja<\/strong> <strong>Remppaa pukkaa<\/strong>, WSOY. 2019. <a href=\"https:\/\/www.radiofiskars.fi\/wordpress\/2022\/10\/einar-neropatin-paivakirja-remppaa-pukkaa\/\">https:\/\/www.radiofiskars.fi\/wordpress\/2022\/10\/einar-neropatin-paivakirja-remppaa-pukkaa\/<\/a><\/p>\n<p>38.Elina ja Sofia, Nelli Orell: <strong>Elina ja Sofia kaikki on mahdollista<\/strong>, Tammi, 2020. <a href=\"https:\/\/www.radiofiskars.fi\/wordpress\/2021\/10\/lydia-kaikki-on-mahdollista\/\">https:\/\/www.radiofiskars.fi\/wordpress\/2021\/10\/lydia-kaikki-on-mahdollista\/<\/a><\/p>\n<p>37.Lin Hallberg: <strong>Eppu, pieni sankari<\/strong>, Tammi, 2020 <a href=\"https:\/\/www.radiofiskars.fi\/wordpress\/2021\/10\/aava-eppu-pieni-sankari\/\">https:\/\/www.radiofiskars.fi\/wordpress\/2021\/10\/aava-eppu-pieni-sankari\/\u00a0<\/a><\/p>\n<p>36.Sinikka Nopola, Tiina Nopola, Salla Savolainen: <strong>Hein\u00e4hattu, Vilttitossu ja\u00a0 \u00e4rh\u00e4kk\u00e4 koululainen<\/strong>, Tammi, 2013. <a href=\"https:\/\/www.radiofiskars.fi\/wordpress\/2021\/10\/victoria-heinahattu-vilttitossu-ja-arhakka-koululainen\/\">https:\/\/www.radiofiskars.fi\/wordpress\/2021\/10\/victoria-heinahattu-vilttitossu-ja-arhakka-koululainen\/<\/a><\/p>\n<p>35.Timo Parvela: <strong>Pate ja savannien sankarit<\/strong>, Tammi, 2020 <a href=\"https:\/\/www.radiofiskars.fi\/wordpress\/2021\/10\/helmi-pate-ja-savannien-sankarit\/\">https:\/\/www.radiofiskars.fi\/wordpress\/2021\/10\/helmi-pate-ja-savannien-sankarit\/<\/a><\/p>\n<p>34.Vuokko Hurme: <strong>Housuvaaran uimahalli<\/strong>, Into Kustannus, 2020 <a href=\"https:\/\/www.radiofiskars.fi\/wordpress\/2021\/10\/hilda-housuvaaran-uimahalli\/\">https:\/\/www.radiofiskars.fi\/wordpress\/2021\/10\/hilda-housuvaaran-uimahalli\/<\/a><\/p>\n<p>33.Nelli Orell: <strong>Luova kirjani<\/strong>, Otava, 2020 <a href=\"https:\/\/www.radiofiskars.fi\/wordpress\/2021\/10\/lydia-luova-kirjani\/\">https:\/\/www.radiofiskars.fi\/wordpress\/2021\/10\/lydia-luova-kirjani\/<\/a><\/p>\n<p>32.Sami Toivonen: <strong>Tatu ja Patu Helsingiss\u00e4<\/strong>, Otava, 2012. <a href=\"https:\/\/www.radiofiskars.fi\/2021\/02\/viljami-tatu-ja-patu-helsingissa\/\">https:\/\/www.radiofiskars.fi\/2021\/02\/viljami-tatu-ja-patu-helsingissa\/<\/a><\/p>\n<p><strong>31.Jalkapallo &#8211; Enn\u00e4tykset, pelaajat, joukkueet<\/strong>, Readme.fi, 2018. <a href=\"https:\/\/www.radiofiskars.fi\/2021\/02\/aatu-jalkapallo\/\">https:\/\/www.radiofiskars.fi\/2021\/02\/aatu-jalkapallo\/<\/a><\/p>\n<p>30.J. K. Rowling: <strong>Harry Potter ja kirottu lapsi<\/strong>, Tammi, 2016. <a href=\"https:\/\/www.radiofiskars.fi\/2021\/02\/siiri-harry-potter-ja-kirottu-lapsi\/\">https:\/\/www.radiofiskars.fi\/2021\/02\/siiri-harry-potter-ja-kirottu-lapsi\/<\/a><\/p>\n<p>29.Sinikka Nopola, Tiina Nopola, Salla Savolainen: <strong>Hein\u00e4hattu, Vilttitossu ja Littoisten riivi\u00f6<\/strong>, Tammi, 2014. <a href=\"https:\/\/www.radiofiskars.fi\/2020\/12\/sonja-heinahattu-vilttitossu-ja-littoisten-riivio\/\">https:\/\/www.radiofiskars.fi\/2020\/12\/sonja-heinahattu-vilttitossu-ja-littoisten-riivio\/<\/a><\/p>\n<p>28.Sinikka Nopola, Tiina Nopola, Salla Savolainen: <strong>Hein\u00e4hattu, Vilttitossu ja iso Elsa<\/strong>, Tammi 2014. <a href=\"https:\/\/www.radiofiskars.fi\/2020\/12\/erin-heinahattu-vilttitossu-ja-iso-elsa\/\">https:\/\/www.radiofiskars.fi\/2020\/12\/erin-heinahattu-vilttitossu-ja-iso-elsa\/<\/a><\/p>\n<p>27.Helena Waris; Mirjami Manninen: <strong>Olafin pentup\u00e4iv\u00e4kirjat \u2013 P\u00e4ssit pullakahveilla<\/strong>, Otava, 2020.<a href=\"https:\/\/www.radiofiskars.fi\/2020\/12\/aino-olafin-pentupaivakirjat-passit-pullakahveilla\/\"> https:\/\/www.radiofiskars.fi\/2020\/12\/aino-olafin-pentupaivakirjat-passit-pullakahveilla\/<\/a><\/p>\n<p>26.Merja Jalo; Marvi Jalo: <strong>Unelmakoirat \u2013 Aksu etsii kotia<\/strong>, Karisto, 2020 <a href=\"https:\/\/www.radiofiskars.fi\/2020\/12\/aino-olafin-pentupaivakirjat-passit-pullakahveilla\/\">https:\/\/www.radiofiskars.fi\/2020\/12\/siirin-kirjassa-aksu-etsii-kotia\/<\/a><\/p>\n<p>25Jeff Kinney: <strong>Neropatin p\u00e4iv\u00e4kirja: Viimeinen oljenkorsi<\/strong>, WSOY, 2011. <a href=\"https:\/\/www.radiofiskars.fi\/2020\/12\/oliver-neropatin-paivakirja-viimeinen-oljenkorsi\/\">https:\/\/www.radiofiskars.fi\/2020\/12\/oliver-neropatin-paivakirja-viimeinen-oljenkorsi\/<\/a><\/p>\n<p>24.Jeff Kinney: <strong>Neropatin p\u00e4iv\u00e4kirja Lunta tupaan<\/strong>, WSOY, 2013. <a href=\"https:\/\/www.radiofiskars.fi\/2020\/12\/pihla-neropatin-paivakirja\/\">https:\/\/www.radiofiskars.fi\/2020\/12\/pihla-neropatin-paivakirja\/<\/a><\/p>\n<p>23.Rowley Jefferson: <strong>Maailman parhaan kaverin seikkailu<\/strong>, WSOY, 2020. <a href=\"https:\/\/www.radiofiskars.fi\/2020\/12\/aappo-ja-maailman-parhaan-kaverin-seikkailu\/\">https:\/\/www.radiofiskars.fi\/2020\/12\/aappo-ja-maailman-parhaan-kaverin-seikkailu\/<\/a><\/p>\n<p>22.Webb, Holly; Williams, Sophy; Syv\u00e4nper\u00e4, Tuula: <strong>Hessulla on ik\u00e4v\u00e4<\/strong>, Karisto, 2017. <a href=\"https:\/\/www.radiofiskars.fi\/2020\/12\/hildan-kirjassa-hessulla-on-ikava\/\">https:\/\/www.radiofiskars.fi\/2020\/12\/hildan-kirjassa-hessulla-on-ikava\/<\/a><\/p>\n<p>21.Rose Lagercrantz \u2013 Eva Eriksson: <strong>Onnentytt\u00f6 Dunne &#8211; Syd\u00e4meni hyppii ilosta<\/strong>, Kustannus- M\u00e4kel\u00e4 Oy, 2016. <a href=\"https:\/\/www.radiofiskars.fi\/2020\/12\/venny-ja-onnentytto-dunne\/\">https:\/\/www.radiofiskars.fi\/2020\/12\/venny-ja-onnentytto-dunne\/<\/a><\/p>\n<p>20.Roger Tabor: <strong>Ymm\u00e4rr\u00e4 kissaasi \u2013 100 vinkki\u00e4<\/strong>, Gummerus, 2016. <a href=\"https:\/\/www.radiofiskars.fi\/2020\/12\/oliver-ja-ymmarra-kissaasi-100-vinkkia\/\">https:\/\/www.radiofiskars.fi\/2020\/12\/oliver-ja-ymmarra-kissaasi-100-vinkkia\/<\/a><\/p>\n<p>19.Kitti Marko: <strong>Oliivitytt\u00f6<\/strong>, Tammi, 2012. <a href=\"https:\/\/www.radiofiskars.fi\/2020\/12\/elina-esittelee-oliivityton\/\">https:\/\/www.radiofiskars.fi\/2020\/12\/elina-esittelee-oliivityton\/<\/a><\/p>\n<p>18.Nora Roberts, <strong>Toinen koitos<\/strong>, Gummerus, 2019. <a href=\"https:\/\/www.radiofiskars.fi\/2020\/12\/annin-kirja-toinen-koitos\/\">https:\/\/www.radiofiskars.fi\/2020\/12\/annin-kirja-toinen-koitos\/<\/a><\/p>\n<p>17.Lin Hallberg \u2013 Margareta Nordqvist: <strong>Sinttu nyt kilpaillaan!<\/strong> Tammi, 2020. <a href=\"https:\/\/www.radiofiskars.fi\/2020\/12\/sofia-sinttu-nyt-kilpaillaan\/\">https:\/\/www.radiofiskars.fi\/2020\/12\/sofia-sinttu-nyt-kilpaillaan\/<\/a><\/p>\n<p>16.Kati Jukarainen, Eevaliisa Juka: <strong>Suuri kepparikirja<\/strong>, Readme.fi, 2020. <a href=\"https:\/\/www.radiofiskars.fi\/2020\/12\/varpu-ja-suuri-kepparikirja\/\">https:\/\/www.radiofiskars.fi\/2020\/12\/varpu-ja-suuri-kepparikirja\/<\/a><\/p>\n<p>15.Dav Pilkey: <strong>Kapteeni Kalsari ja P\u00f6h\u00f6p\u00f6ntt\u00f6 2000:n korskea roisto<\/strong>, Tammi, 2016. <a href=\"https:\/\/www.radiofiskars.fi\/2020\/12\/esko-kapteeni-kalsari-ja-pohopontto-2000n-korskea-roisto\/\">https:\/\/www.radiofiskars.fi\/2020\/12\/esko-kapteeni-kalsari-ja-pohopontto-2000n-korskea-roisto\/<\/a><\/p>\n<p>14.Jeff Kinney: <strong>Neropatin p\u00e4iv\u00e4kirja<\/strong>, WSOY, 2009. <a href=\"https:\/\/www.radiofiskars.fi\/2020\/12\/juho-neropatin-paivakirja\/\">https:\/\/www.radiofiskars.fi\/2020\/12\/juho-neropatin-paivakirja\/<\/a><\/p>\n<p>13.Lin Hallberg \u2013 Margareta Nordqvist: <strong>Suuri seikkailu, Sinttu<\/strong>, Tammi, 2011. <a href=\"https:\/\/www.radiofiskars.fi\/2020\/12\/heli-suuri-seikkailu-sinttu\/\">https:\/\/www.radiofiskars.fi\/2020\/12\/heli-suuri-seikkailu-sinttu\/<\/a><\/p>\n<p>12. Laura Ertimo ja Mari Ahokoivu:<strong><em> Ihme ilmat \u2013 Miksi ilmasto muuttuu?<\/em> <\/strong>Into Kustannus, 2019. <a href=\"https:\/\/www.radiofiskars.fi\/2020\/05\/taman-mina-luin-unna-lintervo-esittelee-kirjan-ihme-ilmat-miksi-ilmasto-muuttuu\/\">https:\/\/www.radiofiskars.fi\/2020\/05\/taman-mina-luin-unna-lintervo-esittelee-kirjan-ihme-ilmat-miksi-ilmasto-muuttuu\/<\/a><\/p>\n<p>11.Kallion lukiolaiset: <strong>Sankaritarinoita nuorilta nuorille<\/strong>, Into Kustannus, 2020. <a href=\"https:\/\/www.radiofiskars.fi\/2020\/05\/taman-mina-luin-malla-lintervo-esittelee-kirjan-sankaritarinoita-nuorilta-nuorille\/\">https:\/\/www.radiofiskars.fi\/2020\/05\/taman-mina-luin-malla-lintervo-esittelee-kirjan-sankaritarinoita-nuorilta-nuorille\/<\/a><\/p>\n<p>10.Valentina Camerini, Veronica Carratello, Taru Nystr\u00f6m <strong><em>Gretan tarina<\/em><\/strong>. Into Kustannus, 2019. <a href=\"https:\/\/www.radiofiskars.fi\/2020\/05\/taman-mina-luin-signe-yli-tepsa-esittelee-kirjan-gretan-tarina\/\">https:\/\/www.radiofiskars.fi\/2020\/05\/taman-mina-luin-signe-yli-tepsa-esittelee-kirjan-gretan-tarina\/<\/a><\/p>\n<p>9.Toimittajat Taru Anttonen ja Milla Karppinen: <em><strong>Sankaritarinoita tyt\u00f6ille (ja kaikille muille)<\/strong>, <\/em>Into Kustannus, 2018. <a href=\"https:\/\/www.radiofiskars.fi\/2020\/05\/taman-mina-luin-olga-yli-tepsa-esittelee-kirjan-sankaritarinoita-tytoille-ja-kaikille-muille\/\">https:\/\/www.radiofiskars.fi\/2020\/05\/taman-mina-luin-olga-yli-tepsa-esittelee-kirjan-sankaritarinoita-tytoille-ja-kaikille-muille\/<\/a><\/p>\n<p>8.Merja Jalo: <strong>Kikka ja Repe \u2013 Muistoja<\/strong> (Nummelan ponitalli), WSOY, 2010 <a href=\"https:\/\/www.radiofiskars.fi\/2020\/10\/taman-mina-luin-milla-esittelee-kirjan-kikka-ja-repe-muistoja\/\">https:\/\/www.radiofiskars.fi\/2020\/10\/taman-mina-luin-milla-esittelee-kirjan-kikka-ja-repe-muistoja\/<\/a><\/p>\n<p>7.Anne Leinonen: <strong>Noitakirja<\/strong>, WSOY, 2018 <a href=\"https:\/\/www.radiofiskars.fi\/wordpress\/2022\/05\/erin-noitakirja\/\">https:\/\/www.radiofiskars.fi\/wordpress\/2022\/05\/erin-noitakirja\/<\/a><\/p>\n<p>6.Stephen Hawkins: <strong>Ajan lyhyt historia<\/strong>, WSOY, 2012 <a href=\"https:\/\/www.radiofiskars.fi\/wordpress\/2022\/05\/jon-ajan-lyhyt-historia\/\">https:\/\/www.radiofiskars.fi\/wordpress\/2022\/05\/jon-ajan-lyhyt-historia\/<\/a><\/p>\n<p>5.Erin Hunter: <strong>Uljasmaa \u2013 Hajonnut lauma<\/strong>,\u00a0 WSOY 2020 <a href=\"https:\/\/www.radiofiskars.fi\/wordpress\/2022\/05\/annika-uljas-maa-hajonnut-lauma\/\">https:\/\/www.radiofiskars.fi\/wordpress\/2022\/05\/annika-uljas-maa-hajonnut-lauma\/<\/a><\/p>\n<p>4.Elina; Tiedenaiset: <strong>Isosisko \u2013 Kaikki muuttuu<\/strong>; Isosisko selvitt\u00e4\u00e4 murrosi\u00e4st\u00e4 (melkein) kaiken, Tammi, 2021 <a href=\"https:\/\/www.radiofiskars.fi\/wordpress\/2022\/05\/amalia-isosisko-kaikki-muuttuu\/\">https:\/\/www.radiofiskars.fi\/wordpress\/2022\/05\/amalia-isosisko-kaikki-muuttuu\/<\/a><\/p>\n<p>3.Erin Hunter: <strong>Uljasmaa, veren ja luun voima<\/strong>, WSOY, 2021 <a href=\"https:\/\/www.radiofiskars.fi\/wordpress\/2022\/05\/6525\/\">https:\/\/www.radiofiskars.fi\/wordpress\/2022\/05\/6525\/<\/a><\/p>\n<p>2. Joona Lepp\u00e4l\u00e4: <strong>ZoneVD kiehtovan tiedon j\u00e4ljill\u00e4<\/strong>, Tammi, 2021 <a href=\"https:\/\/www.radiofiskars.fi\/wordpress\/2022\/05\/jimi-zonevd-kiehtovan-tiedon-jaljilla\/\">https:\/\/www.radiofiskars.fi\/wordpress\/2022\/05\/jimi-zonevd-kiehtovan-tiedon-jaljilla\/<\/a><\/p>\n<p>1.David Long: <strong>Merirosvot suurennuslasin alla<\/strong>, Otava, 2020 <a href=\"https:\/\/www.radiofiskars.fi\/wordpress\/2022\/03\/eeli-merirosvot-suurennuslasin-alla\/\">https:\/\/www.radiofiskars.fi\/wordpress\/2022\/03\/eeli-merirosvot-suurennuslasin-alla\/<\/a><\/p>\n\n\n<p><\/p>\n\n\n\n<p>Vuonna 2020 k\u00e4ynnistynyt lasten ja nuorten lukuharrastusta lujittava \u201d<em>T\u00e4m\u00e4n min\u00e4 luin<\/em>\u201d jatkuu.<\/p>\n\n\n\n<p>Onko sinulla kirja, jonka haluaisit omaksesi? Ilmoita kirjan tiedot, niin radio hankkii sen sinulle. Kun olet lukenut kirjan, teet siit\u00e4 esittelyn, jonka luet radioon. Radion sivuilla on lista heti saatavilla olevista kirjoisa:<\/p>\n\n\n<p>\u00a0<\/p>\n<p>Yhteydenotot: info@radiofiskars.fi tai 040 9601033<\/p>\n<p><em><a href=\"http:\/\/www.radiofiskars.fi\">www.radiofiskars.fi<\/a> on vuodesta 2011 toiminut yhteis\u00f6llinen nettiradio, joka antaa \u00e4\u00e4nen l\u00e4hialueen ihmisille ja yrityksille lapsia unohtamatta. Kaikki saavat osallistua ohjelmien tekoon. Radio antaa v\u00e4lineet ja pienen opin.<\/em><\/p>","protected":false},"excerpt":{"rendered":"<p>\u00a0 VIIMEKSI ILMESTYNEET KIRJAESITTELYT: 75. Karen M. McManus: Yksi meist\u00e4 on seuraava, WSOY, 2020 https:\/\/www.radiofiskars.fi\/wordpress\/2023\/06\/kirjaesittely-karen-m-mcmanus-yksi-meista-on-seuraava\/ 74. Anne Frankin p\u00e4iv\u00e4kirja, Tammi, 2017 \u00a0https:\/\/www.radiofiskars.fi\/wordpress\/2023\/06\/kirjaesittely-anne-frankin-paivakirja\/ 73.Rachel Ren\u00e9e Russell: Nolo el\u00e4m\u00e4ni \u2013 Olisinpa bilehile, WSOY, 2022 \u00a0https:\/\/www.radiofiskars.fi\/wordpress\/2023\/06\/kirjaesittely-rachel-renee-russell-nolo-elamani-olisinpa-bilehile\/ 72. Rachel Ren\u00e9e Russell: Nolo el\u00e4m\u00e4ni: Olisinpa suosittu, WSOY, 2022 \u00a0https:\/\/www.radiofiskars.fi\/wordpress\/2023\/06\/kirjaesittely-rachel-renee-russell-nolo-elamani-olisinpa-suosittu\/ 71. Jeff Kinney: Neropatin p\u00e4iv\u00e4kirja \u2013 Remppaa pukkaa, WSOY, 2019 https:\/\/www.radiofiskars.fi\/wordpress\/2023\/06\/kirjaesittely-jeff-kinney-neropatin-paivakirja-remppaa-pukkaa\/ &hellip; <a href=\"https:\/\/www.radiofiskars.fi\/wordpress\/taman-mina-luin\/\" class=\"more-link\">Jatka lukemista <span class=\"screen-reader-text\">T\u00c4M\u00c4N MIN\u00c4 LUIN \u2013 KIRJAESITTELYT<\/span> <span class=\"meta-nav\">&rarr;<\/span><\/a><\/p>\n","protected":false},"author":4,"featured_media":0,"parent":0,"menu_order":0,"comment_status":"closed","ping_status":"closed","template":"","meta":{"footnotes":""},"class_list":["post-1465","page","type-page","status-publish","hentry"],"_links":{"self":[{"href":"https:\/\/www.radiofiskars.fi\/wordpress\/wp-json\/wp\/v2\/pages\/1465","targetHints":{"allow":["GET"]}}],"collection":[{"href":"https:\/\/www.radiofiskars.fi\/wordpress\/wp-json\/wp\/v2\/pages"}],"about":[{"href":"https:\/\/www.radiofiskars.fi\/wordpress\/wp-json\/wp\/v2\/types\/page"}],"author":[{"embeddable":true,"href":"https:\/\/www.radiofiskars.fi\/wordpress\/wp-json\/wp\/v2\/users\/4"}],"replies":[{"embeddable":true,"href":"https:\/\/www.radiofiskars.fi\/wordpress\/wp-json\/wp\/v2\/comments?post=1465"}],"version-history":[{"count":193,"href":"https:\/\/www.radiofiskars.fi\/wordpress\/wp-json\/wp\/v2\/pages\/1465\/revisions"}],"predecessor-version":[{"id":10191,"href":"https:\/\/www.radiofiskars.fi\/wordpress\/wp-json\/wp\/v2\/pages\/1465\/revisions\/10191"}],"wp:attachment":[{"href":"https:\/\/www.radiofiskars.fi\/wordpress\/wp-json\/wp\/v2\/media?parent=1465"}],"curies":[{"name":"wp","href":"https:\/\/api.w.org\/{rel}","templated":true}]}}